{"id":5432,"date":"2025-11-20T00:08:32","date_gmt":"2025-11-20T04:08:32","guid":{"rendered":"https:\/\/boltaccesorios.com\/?page_id=5432"},"modified":"2026-01-08T14:22:31","modified_gmt":"2026-01-08T18:22:31","slug":"bienvenida-registro","status":"publish","type":"page","link":"https:\/\/boltaccesorios.com\/?page_id=5432","title":{"rendered":""},"content":{"rendered":"<div class=\"wpb-content-wrapper\"><p>[vc_row][vc_column width=\u201d1\/3\u2033][\/vc_column][vc_column width=\u201d1\/3\u2033][vc_single_image image=\u201d5024\u2033 img_size=\u201dmedium\u201d css=\u201d\u201d][\/vc_column][vc_column width=\u201d1\/3\u2033][\/vc_column][\/vc_row][vc_row][vc_column width=\u201d1\/3\u2033][vc_pricing_table heading=\u201d\ud83d\uded2 CLIENTE\u201d subheading=\u201dPara particulares y compradores que buscan productos de primera mano.\u201d currency=\u201d\u201d price=\u201d\ud83d\uded2\u201d period=\u201d\u201d markers_color=\u201d#F1C945\u2033 btn_title=\u201dREGISTRARME AHORA\u201d btn_css_animation=\u201dzoomIn\u201d css_animation=\u201dbottom-to-top\u201d css=\u201d.vc_custom_1763668238520{background-color: #ECECEC !important;}\u201d el_class=\u201dmi-precio-grande\u201d btn_link=\u201durl:https%3A%2F%2Fboltaccesorios.com%2F%3Fpage_id%3D5409|title:Registro%20Clientes%20a%20Detal\u201d]<\/p>\n<ul class=\"wpb-plan-features\">\n<li>Segue tus Pedidos y Devoluciones.<\/li>\n<li>Recibe por email ofertas y cupones.<\/li>\n<li>Guarda tus direcciones de env\u00edo.<\/li>\n<li><i>Pago<\/i> r\u00e1pido y sencillo.<\/li>\n<\/ul>\n<p>[\/vc_pricing_table][\/vc_column][vc_column width=\u201d1\/3\u2033][vc_pricing_table heading=\u201d\ud83d\udcbc AUT\u00d3NOMO\u201d subheading=\u201dPara tiendas, freelancers y profesionales que revenden o usan nuestros productos.\u201d currency=\u201d\u201d price=\u201d\ud83c\udff7\ufe0f\u201d period=\u201d\u201d markers_color=\u201d#F1C945\u2033 btn_title=\u201dACCESO PROFESIONAL\u201d btn_css_animation=\u201dzoomIn\u201d css_animation=\u201dbottom-to-top\u201d css=\u201d.vc_custom_1763668275838{background-color: #ECECEC !important;}\u201d btn_link=\u201durl:https%3A%2F%2Fboltaccesorios.com%2F%3Fpage_id%3D5414|title:Registro%20Autonomo\u201d]<\/p>\n<ul class=\"wpb-plan-features\">\n<li>Acceso a Precios Exclusivos.<\/li>\n<li>No es necesario un volumen m\u00ednimo<\/li>\n<li>Tarifas de env\u00edo preferenciales<\/li>\n<li>Soporte prioritario y acceso a <i>stock<\/i>.<\/li>\n<\/ul>\n<p>[\/vc_pricing_table][\/vc_column][vc_column width=\u201d1\/3\u2033][vc_pricing_table heading=\u201d\ud83d\udce6 DISTRIBUIDOR\u201d subheading=\u201dPara grandes superficies o empresas con alto volumen de compra.\u201d currency=\u201d\u201d price=\u201d\ud83d\udce6\u201d period=\u201d\u201d markers_color=\u201d#F1C945\u2033 btn_title=\u201dREGISTRO DISTRIBUIDOR\u201d css_animation=\u201dbottom-to-top\u201d css=\u201d.vc_custom_1767896545823{background-color: #ECECEC !important;}\u201d btn_link=\u201durl:%20https%3A%2F%2Fboltaccesorios.com%2F%3Fpage_id%3D5414|title:Registro%20Distribuidor\u201d]<\/p>\n<ul class=\"wpb-plan-features\">\n<li>El mejor precio de toda Nuestra Mercanc\u00eda<\/li>\n<li>Material y Cat\u00e1logos en exclusiva.<\/li>\n<li>Gesti\u00f3n de pedidos de alto volumen<\/li>\n<li>Soporte y Accesoria 24\/7<\/li>\n<\/ul>\n<p>[\/vc_pricing_table][\/vc_column][\/vc_row][vc_row][vc_column][\/vc_column][\/vc_row]<\/p>\n<\/div>","protected":false},"excerpt":{"rendered":"<p>[vc_row][vc_column width=\u201d1\/3\u2033][\/vc_column][vc_column width=\u201d1\/3\u2033][vc_single_image image=\u201d5024\u2033 img_size=\u201dmedium\u201d css=\u201d\u201d][\/vc_column][vc_column width=\u201d1\/3\u2033][\/vc_column][\/vc_row][vc_row][vc_column width=\u201d1\/3\u2033][vc_pricing_table heading=\u201d\ud83d\uded2 CLIENTE\u201d subheading=\u201dPara particulares y compradores que buscan productos de primera mano.\u201d currency=\u201d\u201d price=\u201d\ud83d\uded2\u201d period=\u201d\u201d markers_color=\u201d#F1C945\u2033 btn_title=\u201dREGISTRARME AHORA\u201d btn_css_animation=\u201dzoomIn\u201d css_animation=\u201dbottom-to-top\u201d css=\u201d.vc_custom_1763668238520{background-color: #ECECEC !important;}\u201d el_class=\u201dmi-precio-grande\u201d btn_link=\u201durl:https%3A%2F%2Fboltaccesorios.com%2F%3Fpage_id%3D5409|title:Registro%20Clientes%20a%20Detal\u201d] Segue tus Pedidos y Devoluciones. Recibe por email ofertas y cupones. Guarda tus direcciones de env\u00edo. Pago r\u00e1pido y sencillo. [\/vc_pricing_table][\/vc_column][vc_column width=\u201d1\/3\u2033][vc_pricing_table&hellip;<\/p>\n","protected":false},"author":1,"featured_media":0,"parent":0,"menu_order":0,"comment_status":"closed","ping_status":"closed","template":"","meta":{"om_disable_all_campaigns":false,"_monsterinsights_skip_tracking":false,"_monsterinsights_sitenote_active":false,"_monsterinsights_sitenote_note":"","_monsterinsights_sitenote_category":0,"_joinchat":[],"footnotes":""},"class_list":["post-5432","page","type-page","status-publish","hentry","_wholesalex wsx-wholesalex-product"],"aioseo_notices":[],"aioseo_head":"\n\t\t<!-- All in One SEO Pro 4.9.0 - aioseo.com -->\n\t<meta name=\"description\" content=\"\ud83d\uded2 CLIENTEPara particulares y compradores que buscan productos de primera mano.\ud83d\uded2REGISTRARME AHORA Segue tus Pedidos y Devoluciones. Recibe por email ofertas y cupones. Guarda tus direcciones de env\u00edo. Pago r\u00e1pido y sencillo. \ud83d\udcbc AUT\u00d3NOMOPara tiendas, freelancers y profesionales que revenden o usan nuestros productos.\ud83c\udff7\ufe0fACCESO PROFESIONAL Acceso a Precios Exclusivos. No es necesario un volumen m\u00ednimo\" \/>\n\t<meta name=\"robots\" content=\"max-image-preview:large\" \/>\n\t<link rel=\"canonical\" href=\"https:\/\/boltaccesorios.com\/?page_id=5432\" \/>\n\t<meta name=\"generator\" content=\"All in One SEO Pro (AIOSEO) 4.9.0\" \/>\n\t\t<meta property=\"og:locale\" content=\"es_ES\" \/>\n\t\t<meta property=\"og:site_name\" content=\"Bolt Cell Accesorios M\u00f3viles - Mayorista y PVP en Espa\u00f1a - Accesorios de telefon\u00eda m\u00f3vil de alta calidad en Espa\u00f1a. Ventas al por mayor y al por menor (PVP). Auriculares, cargadores y gadgets. \u00a1Descubre nuestras tarifas profesionales!\" \/>\n\t\t<meta property=\"og:type\" content=\"article\" \/>\n\t\t<meta property=\"og:title\" content=\"- Bolt Cell Accesorios M\u00f3viles - Mayorista y PVP en Espa\u00f1a\" \/>\n\t\t<meta property=\"og:description\" content=\"\ud83d\uded2 CLIENTEPara particulares y compradores que buscan productos de primera mano.\ud83d\uded2REGISTRARME AHORA Segue tus Pedidos y Devoluciones. Recibe por email ofertas y cupones. Guarda tus direcciones de env\u00edo. Pago r\u00e1pido y sencillo. \ud83d\udcbc AUT\u00d3NOMOPara tiendas, freelancers y profesionales que revenden o usan nuestros productos.\ud83c\udff7\ufe0fACCESO PROFESIONAL Acceso a Precios Exclusivos. No es necesario un volumen m\u00ednimo\" \/>\n\t\t<meta property=\"og:url\" content=\"https:\/\/boltaccesorios.com\/?page_id=5432\" \/>\n\t\t<meta property=\"article:published_time\" content=\"2025-11-20T04:08:32+00:00\" \/>\n\t\t<meta property=\"article:modified_time\" content=\"2026-01-08T18:22:31+00:00\" \/>\n\t\t<meta name=\"twitter:card\" content=\"summary_large_image\" \/>\n\t\t<meta name=\"twitter:title\" content=\"- Bolt Cell Accesorios M\u00f3viles - Mayorista y PVP en Espa\u00f1a\" \/>\n\t\t<meta name=\"twitter:description\" content=\"\ud83d\uded2 CLIENTEPara particulares y compradores que buscan productos de primera mano.\ud83d\uded2REGISTRARME AHORA Segue tus Pedidos y Devoluciones. Recibe por email ofertas y cupones. Guarda tus direcciones de env\u00edo. Pago r\u00e1pido y sencillo. \ud83d\udcbc AUT\u00d3NOMOPara tiendas, freelancers y profesionales que revenden o usan nuestros productos.\ud83c\udff7\ufe0fACCESO PROFESIONAL Acceso a Precios Exclusivos. No es necesario un volumen m\u00ednimo\" \/>\n\t\t<script type=\"application\/ld+json\" class=\"aioseo-schema\">\n\t\t\t{\"@context\":\"https:\\\/\\\/schema.org\",\"@graph\":[{\"@type\":\"BreadcrumbList\",\"@id\":\"https:\\\/\\\/boltaccesorios.com\\\/?page_id=5432#breadcrumblist\",\"itemListElement\":[{\"@type\":\"ListItem\",\"@id\":\"https:\\\/\\\/boltaccesorios.com#listItem\",\"position\":1,\"name\":\"Home\",\"item\":\"https:\\\/\\\/boltaccesorios.com\"},{\"@type\":\"ListItem\",\"@id\":\"https:\\\/\\\/boltaccesorios.com\\\/?page_id=5432#listItem\",\"position\":2,\"previousItem\":{\"@type\":\"ListItem\",\"@id\":\"https:\\\/\\\/boltaccesorios.com#listItem\",\"name\":\"Home\"}}]},{\"@type\":\"Organization\",\"@id\":\"https:\\\/\\\/boltaccesorios.com\\\/#organization\",\"name\":\"Bolt Cell Accesorios M\\u00f3viles - Mayorista y PVP en Espa\\u00f1a\",\"description\":\"Accesorios de telefon\\u00eda m\\u00f3vil de alta calidad en Espa\\u00f1a. Ventas al por mayor y al por menor (PVP). Auriculares, cargadores y gadgets. \\u00a1Descubre nuestras tarifas profesionales!\",\"url\":\"https:\\\/\\\/boltaccesorios.com\\\/\",\"telephone\":\"+34642270296\",\"sameAs\":[\"https:\\\/\\\/www.instagram.com\\\/boltcellaccesorios\\\/\"]},{\"@type\":\"WebPage\",\"@id\":\"https:\\\/\\\/boltaccesorios.com\\\/?page_id=5432#webpage\",\"url\":\"https:\\\/\\\/boltaccesorios.com\\\/?page_id=5432\",\"name\":\"- Bolt Cell Accesorios M\\u00f3viles - Mayorista y PVP en Espa\\u00f1a\",\"description\":\"\\ud83d\\uded2 CLIENTEPara particulares y compradores que buscan productos de primera mano.\\ud83d\\uded2REGISTRARME AHORA Segue tus Pedidos y Devoluciones. Recibe por email ofertas y cupones. Guarda tus direcciones de env\\u00edo. Pago r\\u00e1pido y sencillo. \\ud83d\\udcbc AUT\\u00d3NOMOPara tiendas, freelancers y profesionales que revenden o usan nuestros productos.\\ud83c\\udff7\\ufe0fACCESO PROFESIONAL Acceso a Precios Exclusivos. No es necesario un volumen m\\u00ednimo\",\"inLanguage\":\"es-VE\",\"isPartOf\":{\"@id\":\"https:\\\/\\\/boltaccesorios.com\\\/#website\"},\"breadcrumb\":{\"@id\":\"https:\\\/\\\/boltaccesorios.com\\\/?page_id=5432#breadcrumblist\"},\"datePublished\":\"2025-11-20T00:08:32-04:00\",\"dateModified\":\"2026-01-08T14:22:31-04:00\"},{\"@type\":\"WebSite\",\"@id\":\"https:\\\/\\\/boltaccesorios.com\\\/#website\",\"url\":\"https:\\\/\\\/boltaccesorios.com\\\/\",\"name\":\"Bolt Cell Accesorios M\\u00f3viles - Mayorista y PVP en Espa\\u00f1a\",\"description\":\"Accesorios de telefon\\u00eda m\\u00f3vil de alta calidad en Espa\\u00f1a. Ventas al por mayor y al por menor (PVP). Auriculares, cargadores y gadgets. \\u00a1Descubre nuestras tarifas profesionales!\",\"inLanguage\":\"es-VE\",\"publisher\":{\"@id\":\"https:\\\/\\\/boltaccesorios.com\\\/#organization\"}}]}\n\t\t<\/script>\n\t\t<!-- All in One SEO Pro -->\r\n\t\t<title>- Bolt Cell Accesorios M\u00f3viles - Mayorista y PVP en Espa\u00f1a<\/title>\n\n","aioseo_head_json":{"title":"- Bolt Cell Accesorios M\u00f3viles - Mayorista y PVP en Espa\u00f1a","description":"\ud83d\uded2 CLIENTEPara particulares y compradores que buscan productos de primera mano.\ud83d\uded2REGISTRARME AHORA Segue tus Pedidos y Devoluciones. Recibe por email ofertas y cupones. Guarda tus direcciones de env\u00edo. Pago r\u00e1pido y sencillo. \ud83d\udcbc AUT\u00d3NOMOPara tiendas, freelancers y profesionales que revenden o usan nuestros productos.\ud83c\udff7\ufe0fACCESO PROFESIONAL Acceso a Precios Exclusivos. No es necesario un volumen m\u00ednimo","canonical_url":"https:\/\/boltaccesorios.com\/?page_id=5432","robots":"max-image-preview:large","keywords":"","webmasterTools":{"miscellaneous":""},"schema":{"@context":"https:\/\/schema.org","@graph":[{"@type":"BreadcrumbList","@id":"https:\/\/boltaccesorios.com\/?page_id=5432#breadcrumblist","itemListElement":[{"@type":"ListItem","@id":"https:\/\/boltaccesorios.com#listItem","position":1,"name":"Home","item":"https:\/\/boltaccesorios.com"},{"@type":"ListItem","@id":"https:\/\/boltaccesorios.com\/?page_id=5432#listItem","position":2,"previousItem":{"@type":"ListItem","@id":"https:\/\/boltaccesorios.com#listItem","name":"Home"}}]},{"@type":"Organization","@id":"https:\/\/boltaccesorios.com\/#organization","name":"Bolt Cell Accesorios M\u00f3viles - Mayorista y PVP en Espa\u00f1a","description":"Accesorios de telefon\u00eda m\u00f3vil de alta calidad en Espa\u00f1a. Ventas al por mayor y al por menor (PVP). Auriculares, cargadores y gadgets. \u00a1Descubre nuestras tarifas profesionales!","url":"https:\/\/boltaccesorios.com\/","telephone":"+34642270296","sameAs":["https:\/\/www.instagram.com\/boltcellaccesorios\/"]},{"@type":"WebPage","@id":"https:\/\/boltaccesorios.com\/?page_id=5432#webpage","url":"https:\/\/boltaccesorios.com\/?page_id=5432","name":"- Bolt Cell Accesorios M\u00f3viles - Mayorista y PVP en Espa\u00f1a","description":"\ud83d\uded2 CLIENTEPara particulares y compradores que buscan productos de primera mano.\ud83d\uded2REGISTRARME AHORA Segue tus Pedidos y Devoluciones. Recibe por email ofertas y cupones. Guarda tus direcciones de env\u00edo. Pago r\u00e1pido y sencillo. \ud83d\udcbc AUT\u00d3NOMOPara tiendas, freelancers y profesionales que revenden o usan nuestros productos.\ud83c\udff7\ufe0fACCESO PROFESIONAL Acceso a Precios Exclusivos. No es necesario un volumen m\u00ednimo","inLanguage":"es-VE","isPartOf":{"@id":"https:\/\/boltaccesorios.com\/#website"},"breadcrumb":{"@id":"https:\/\/boltaccesorios.com\/?page_id=5432#breadcrumblist"},"datePublished":"2025-11-20T00:08:32-04:00","dateModified":"2026-01-08T14:22:31-04:00"},{"@type":"WebSite","@id":"https:\/\/boltaccesorios.com\/#website","url":"https:\/\/boltaccesorios.com\/","name":"Bolt Cell Accesorios M\u00f3viles - Mayorista y PVP en Espa\u00f1a","description":"Accesorios de telefon\u00eda m\u00f3vil de alta calidad en Espa\u00f1a. Ventas al por mayor y al por menor (PVP). Auriculares, cargadores y gadgets. \u00a1Descubre nuestras tarifas profesionales!","inLanguage":"es-VE","publisher":{"@id":"https:\/\/boltaccesorios.com\/#organization"}}]},"og:locale":"es_ES","og:site_name":"Bolt Cell Accesorios M\u00f3viles - Mayorista y PVP en Espa\u00f1a - Accesorios de telefon\u00eda m\u00f3vil de alta calidad en Espa\u00f1a. Ventas al por mayor y al por menor (PVP). Auriculares, cargadores y gadgets. \u00a1Descubre nuestras tarifas profesionales!","og:type":"article","og:title":"- Bolt Cell Accesorios M\u00f3viles - Mayorista y PVP en Espa\u00f1a","og:description":"\ud83d\uded2 CLIENTEPara particulares y compradores que buscan productos de primera mano.\ud83d\uded2REGISTRARME AHORA Segue tus Pedidos y Devoluciones. Recibe por email ofertas y cupones. Guarda tus direcciones de env\u00edo. Pago r\u00e1pido y sencillo. \ud83d\udcbc AUT\u00d3NOMOPara tiendas, freelancers y profesionales que revenden o usan nuestros productos.\ud83c\udff7\ufe0fACCESO PROFESIONAL Acceso a Precios Exclusivos. No es necesario un volumen m\u00ednimo","og:url":"https:\/\/boltaccesorios.com\/?page_id=5432","article:published_time":"2025-11-20T04:08:32+00:00","article:modified_time":"2026-01-08T18:22:31+00:00","twitter:card":"summary_large_image","twitter:title":"- Bolt Cell Accesorios M\u00f3viles - Mayorista y PVP en Espa\u00f1a","twitter:description":"\ud83d\uded2 CLIENTEPara particulares y compradores que buscan productos de primera mano.\ud83d\uded2REGISTRARME AHORA Segue tus Pedidos y Devoluciones. Recibe por email ofertas y cupones. Guarda tus direcciones de env\u00edo. Pago r\u00e1pido y sencillo. \ud83d\udcbc AUT\u00d3NOMOPara tiendas, freelancers y profesionales que revenden o usan nuestros productos.\ud83c\udff7\ufe0fACCESO PROFESIONAL Acceso a Precios Exclusivos. No es necesario un volumen m\u00ednimo"},"aioseo_meta_data":{"post_id":"5432","title":null,"description":null,"keywords":null,"keyphrases":{"focus":{"keyphrase":"","score":0,"analysis":{"keyphraseInTitle":{"score":0,"maxScore":9,"error":1}}},"additional":[]},"primary_term":null,"canonical_url":null,"og_title":null,"og_description":null,"og_object_type":"default","og_image_type":"default","og_image_url":null,"og_image_width":null,"og_image_height":null,"og_image_custom_url":null,"og_image_custom_fields":null,"og_video":"","og_custom_url":null,"og_article_section":null,"og_article_tags":null,"twitter_use_og":true,"twitter_card":"default","twitter_image_type":"default","twitter_image_url":null,"twitter_image_custom_url":null,"twitter_image_custom_fields":null,"twitter_title":null,"twitter_description":null,"schema":{"blockGraphs":[],"customGraphs":[],"default":{"data":{"Article":[],"Course":[],"Dataset":[],"FAQPage":[],"Movie":[],"Person":[],"Product":[],"ProductReview":[],"Car":[],"Recipe":[],"Service":[],"SoftwareApplication":[],"WebPage":[]},"graphName":"WebPage","isEnabled":true},"graphs":[]},"schema_type":"default","schema_type_options":null,"pillar_content":false,"robots_default":true,"robots_noindex":false,"robots_noarchive":false,"robots_nosnippet":false,"robots_nofollow":false,"robots_noimageindex":false,"robots_noodp":false,"robots_notranslate":false,"robots_max_snippet":"-1","robots_max_videopreview":"-1","robots_max_imagepreview":"large","priority":null,"frequency":"default","local_seo":null,"seo_analyzer_scan_date":"2026-01-08 18:34:17","breadcrumb_settings":null,"limit_modified_date":false,"open_ai":null,"ai":{"faqs":[],"keyPoints":[],"titles":[],"descriptions":[],"socialPosts":{"email":[],"linkedin":[],"twitter":[],"facebook":[],"instagram":[]}},"created":"2025-12-15 13:55:26","updated":"2026-05-08 08:38:45"},"aioseo_breadcrumb":"<div class=\"aioseo-breadcrumbs\"><span class=\"aioseo-breadcrumb\">\n\t<a href=\"https:\/\/boltaccesorios.com\" title=\"Home\">Home<\/a>\n<\/span><span class=\"aioseo-breadcrumb-separator\">&raquo;<\/span><span class=\"aioseo-breadcrumb\">\n\t\n<\/span><\/div>","aioseo_breadcrumb_json":[{"label":"Home","link":"https:\/\/boltaccesorios.com"},{"label":"","link":"https:\/\/boltaccesorios.com\/?page_id=5432"}],"_links":{"self":[{"href":"https:\/\/boltaccesorios.com\/index.php?rest_route=\/wp\/v2\/pages\/5432","targetHints":{"allow":["GET"]}}],"collection":[{"href":"https:\/\/boltaccesorios.com\/index.php?rest_route=\/wp\/v2\/pages"}],"about":[{"href":"https:\/\/boltaccesorios.com\/index.php?rest_route=\/wp\/v2\/types\/page"}],"author":[{"embeddable":true,"href":"https:\/\/boltaccesorios.com\/index.php?rest_route=\/wp\/v2\/users\/1"}],"replies":[{"embeddable":true,"href":"https:\/\/boltaccesorios.com\/index.php?rest_route=%2Fwp%2Fv2%2Fcomments&post=5432"}],"version-history":[{"count":15,"href":"https:\/\/boltaccesorios.com\/index.php?rest_route=\/wp\/v2\/pages\/5432\/revisions"}],"predecessor-version":[{"id":5548,"href":"https:\/\/boltaccesorios.com\/index.php?rest_route=\/wp\/v2\/pages\/5432\/revisions\/5548"}],"wp:attachment":[{"href":"https:\/\/boltaccesorios.com\/index.php?rest_route=%2Fwp%2Fv2%2Fmedia&parent=5432"}],"curies":[{"name":"wp","href":"https:\/\/api.w.org\/{rel}","templated":true}]}}